{"id":2470,"date":"2021-07-06T10:03:44","date_gmt":"2021-07-06T07:03:44","guid":{"rendered":"https:\/\/revistafamilia.ro\/?page_id=2470"},"modified":"2025-01-13T12:09:29","modified_gmt":"2025-01-13T09:09:29","slug":"abonamente","status":"publish","type":"page","link":"https:\/\/revistafamilia.ro\/?page_id=2470","title":{"rendered":"Abonamente"},"content":{"rendered":"\n<p class=\"has-text-align-center\"><strong>Revista de cultur\u0103 FAMILIA v\u0103 propune urm\u0103toarea gril\u0103 de abonamente:<\/strong><\/p>\n\n\n\n<h5 class=\"wp-block-heading has-text-align-center has-vivid-red-color has-text-color\"><strong>Livrare na\u021bional\u0103<\/strong>, cu taxe po\u0219tale incluse<\/h5>\n\n\n\n<p class=\"has-text-align-center\">Abonament pe 3 luni \u2013 45 LEI<\/p>\n\n\n\n<p class=\"has-text-align-center\">Abonament pe 6 luni \u2013 90 LEI<\/p>\n\n\n\n<p class=\"has-text-align-center\">Abonament pe 12 luni \u2013 180 LEI<\/p>\n\n\n\n<h5 class=\"wp-block-heading has-text-align-center has-vivid-red-color has-text-color\"><strong>Livrare interna\u021bional\u0103<\/strong>, cu taxe po\u0219tale incluse<\/h5>\n\n\n\n<p class=\"has-text-align-center\">Abonament pe 3 luni \u2013 90 lei<\/p>\n\n\n\n<p class=\"has-text-align-center\">Abonament pe 6 luni \u2013 180 lei<\/p>\n\n\n\n<p class=\"has-text-align-center\">Abonament pe 12 luni \u2013 360 lei<\/p>\n\n\n\n<p>Contravaloarea abonamentului ales se vireaz\u0103 \u00een contul Bibliotecii Jude\u021bene \u201eGheorghe \u0218incai\u201d (CUI 4244997) num\u0103rul <strong>RO19TREZ07621360250XXXXX<\/strong>, deschis la Trezoreria Oradea. V\u0103 rug\u0103m s\u0103 trimite\u021bi o <strong>copie a ordinului de plat\u0103<\/strong> la adresa de e-mail: <a href=\"mailto:abonamente@revistafamilia.ro\"><strong>abonamente@revistafamilia.ro<\/strong><\/a>, \u00eempreun\u0103 cu adresa la care dori\u021bi s\u0103 primi\u021bi revista.<\/p>\n\n\n\n<p><strong>Persoanele juridice<\/strong> care doresc s\u0103 \u00eencheie abonamente la Revista de cultur\u0103 FAMILIA s\u00eent rugate s\u0103 trimit\u0103 pe adresa de e-mail <a href=\"mailto:abonamente@revistafamilia.ro\"><strong>abonamente@revistafamilia.ro<\/strong><\/a> <strong>datele fiscale<\/strong> pentru emiterea facturii, \u00eempreun\u0103 cu adresa la care urmeaz\u0103 s\u0103 primeasc\u0103 revista.<\/p>\n\n\n\n<hr class=\"wp-block-separator has-css-opacity\"\/>\n\n\n\n<p class=\"has-text-align-center has-small-font-size\">Photo by <a href=\"https:\/\/unsplash.com\/@cbarbalis?utm_source=unsplash&amp;utm_medium=referral&amp;utm_content=creditCopyText\">Chris Barbalis<\/a> on <a href=\"https:\/\/unsplash.com\/s\/photos\/mailbox?utm_source=unsplash&amp;utm_medium=referral&amp;utm_content=creditCopyText\">Unsplash<\/a><\/p>\n","protected":false},"excerpt":{"rendered":"<p>Revista de cultur\u0103 FAMILIA v\u0103 propune urm\u0103toarea gril\u0103 de abonamente: Livrare na\u021bional\u0103, cu taxe po\u0219tale incluse Abonament pe 3 luni \u2013 45 LEI Abonament pe 6 luni \u2013 90 LEI Abonament pe 12 luni \u2013 180 LEI Livrare interna\u021bional\u0103, cu taxe po\u0219tale incluse Abonament pe 3 luni \u2013 90 lei Abonament pe 6 luni \u2013 180 lei Abonament pe 12 luni \u2013 360 lei Contravaloarea abonamentului ales se vireaz\u0103 \u00een contul Bibliotecii Jude\u021bene \u201eGheorghe \u0218incai\u201d (CUI 4244997) num\u0103rul RO19TREZ07621360250XXXXX, deschis la Trezoreria Oradea. V\u0103 rug\u0103m s\u0103 trimite\u021bi o copie a ordinului de plat\u0103 la adresa de e-mail: abonamente@revistafamilia.ro, \u00eempreun\u0103 cu<\/p>\n","protected":false},"author":2,"featured_media":2471,"parent":0,"menu_order":0,"comment_status":"closed","ping_status":"closed","template":"","meta":{"footnotes":""},"coauthors":[1278],"class_list":["post-2470","page","type-page","status-publish","has-post-thumbnail","hentry"],"jetpack_sharing_enabled":true,"_links":{"self":[{"href":"https:\/\/revistafamilia.ro\/index.php?rest_route=\/wp\/v2\/pages\/2470","targetHints":{"allow":["GET"]}}],"collection":[{"href":"https:\/\/revistafamilia.ro\/index.php?rest_route=\/wp\/v2\/pages"}],"about":[{"href":"https:\/\/revistafamilia.ro\/index.php?rest_route=\/wp\/v2\/types\/page"}],"author":[{"embeddable":true,"href":"https:\/\/revistafamilia.ro\/index.php?rest_route=\/wp\/v2\/users\/2"}],"replies":[{"embeddable":true,"href":"https:\/\/revistafamilia.ro\/index.php?rest_route=%2Fwp%2Fv2%2Fcomments&post=2470"}],"version-history":[{"count":7,"href":"https:\/\/revistafamilia.ro\/index.php?rest_route=\/wp\/v2\/pages\/2470\/revisions"}],"predecessor-version":[{"id":12076,"href":"https:\/\/revistafamilia.ro\/index.php?rest_route=\/wp\/v2\/pages\/2470\/revisions\/12076"}],"wp:featuredmedia":[{"embeddable":true,"href":"https:\/\/revistafamilia.ro\/index.php?rest_route=\/wp\/v2\/media\/2471"}],"wp:attachment":[{"href":"https:\/\/revistafamilia.ro\/index.php?rest_route=%2Fwp%2Fv2%2Fmedia&parent=2470"}],"wp:term":[{"taxonomy":"author","embeddable":true,"href":"https:\/\/revistafamilia.ro\/index.php?rest_route=%2Fwp%2Fv2%2Fcoauthors&post=2470"}],"curies":[{"name":"wp","href":"https:\/\/api.w.org\/{rel}","templated":true}]}}