{"id":148,"date":"2020-12-20T20:46:33","date_gmt":"2020-12-20T17:46:33","guid":{"rendered":"https:\/\/revistafamilia.ro\/?page_id=148"},"modified":"2021-02-21T17:40:01","modified_gmt":"2021-02-21T14:40:01","slug":"temele-colocviilor-zilelor-revistei-familia","status":"publish","type":"page","link":"https:\/\/revistafamilia.ro\/?page_id=148","title":{"rendered":"Temele Colocviilor Zilelor Revistei FAMILIA"},"content":{"rendered":"\n<p><strong>1990<\/strong> \u2013 Familia la 125 de ani<\/p>\n\n\n\n<p><strong>1991<\/strong> \u2013 Literatura m\u0103rturisirilor<\/p>\n\n\n\n<p><strong>1992<\/strong> \u2013 La ce bun poezia \u00een vremuri de criz\u0103?<\/p>\n\n\n\n<p><strong>1993<\/strong> \u2013 Confuzia valorilor<\/p>\n\n\n\n<p><strong>1994<\/strong> \u2013 Radu Enescu sau cum g\u00e2nde\u015fte o \u201egenera\u0163ie recuperat\u0103\u201d<\/p>\n\n\n\n<p>\u00a0\u00a0\u00a0\u00a0\u00a0\u00a0\u00a0\u00a0\u00a0\u00a0\u00a0\u00a0    Obsedanta tranzi\u0163ie a prozatorului rom\u00e2n<\/p>\n\n\n\n<p><strong>1995<\/strong> \u2013 Revistele literare: tradi\u0163ie, actualitate, tendin\u0163e<\/p>\n\n\n\n<p><strong>1996<\/strong> \u2013\u00a0\u00a0Morfologia eseului<\/p>\n\n\n\n<p><strong>1997<\/strong> \u2013 Jurnalul contra literaturii?<\/p>\n\n\n\n<p><strong>1998<\/strong> \u2013 Criza romanului<\/p>\n\n\n\n<p><strong>1999<\/strong> \u2013 Cenzura post-editorial\u0103 \u00een Rom\u00e2nia comunist\u0103<\/p>\n\n\n\n<p><strong>2000<\/strong> \u2013 Eu, scriitorul<\/p>\n\n\n\n<p><strong>2001<\/strong> \u2013 Revizuirea canonului estetic al literaturii rom\u00e2ne contemporane<\/p>\n\n\n\n<p><strong>2002<\/strong> \u2013 Reabilitarea fic\u0163iunii<\/p>\n\n\n\n<p><strong>2003<\/strong> \u2013 Provocarea literaturii<\/p>\n\n\n\n<p><strong>2004<\/strong> \u2013 Romanul \u2013 performan\u0163e, circumstan\u0163e, perspective<\/p>\n\n\n\n<p><strong>2005<\/strong> \u2013 Mimetismele literaturii rom\u00e2ne contemporane<\/p>\n\n\n\n<p><strong>2006<\/strong> \u2013 Ce (mai) poate spune poezia rom\u00e2n\u0103 de ast\u0103zi Europei<\/p>\n\n\n\n<p><strong>2007<\/strong> \u2013 Scriitorul-Cartea-Biblioteca<\/p>\n\n\n\n<p>\u00a0\u00a0\u00a0\u00a0\u00a0\u00a0\u00a0\u00a0\u00a0\u00a0\u00a0\u00a0     Literatura rom\u00e2n\u0103 contemporan\u0103 pentru Europa<\/p>\n\n\n\n<p><strong>2008<\/strong> \u2013 Istoriile literare \u015fi\u00a0<em>revizitarea\u00a0<\/em>literaturii rom\u00e2ne<\/p>\n\n\n\n<p><strong>2009<\/strong> \u2013 Rostul \u015fi rostirea poeziei<\/p>\n\n\n\n<p><strong>2010<\/strong> \u2013 Ce mai \u00eenseamn\u0103 ast\u0103zi o revist\u0103 de cultur\u0103?<\/p>\n\n\n\n<p>\u00a0\u00a0\u00a0\u00a0\u00a0\u00a0\u00a0\u00a0\u00a0\u00a0\u00a0     Familia 145\/45\/20<\/p>\n\n\n\n<p><strong>2011<\/strong> \u2013 Poezie \u015fi spectacol<\/p>\n\n\n\n<p><strong>2012<\/strong> \u2013 Scriitorii rom\u00e2ni \u015fi imperativul identit\u0103\u0163ii na\u0163ionale<\/p>\n\n\n\n<p>\u00a0\u00a0\u00a0\u00a0\u00a0\u00a0\u00a0\u00a0\u00a0\u00a0\u00a0\u00a0  \u201eCe se vede\u201d \u2013 cum se v\u0103d scriitorii din genera\u0163ii diferite \u00eentre ei<\/p>\n\n\n\n<p>\u00a0\u00a0\u00a0\u00a0\u00a0\u00a0\u00a0\u00a0\u00a0\u00a0\u00a0\u00a0  Concurs literar \u201eDe-a\u015f avea\u2026\u201d \u2013 edi\u0163ia 1<\/p>\n\n\n\n<p><strong>2013<\/strong> \u2013 Canonul literar \u2013 vreme \u00een schimbare<\/p>\n\n\n\n<p>\u00a0\u00a0\u00a0\u00a0\u00a0\u00a0\u00a0\u00a0\u00a0\u00a0\u00a0   \u00a0Concurs literar \u201eDe-a\u015f avea\u2026\u201d \u2013 edi\u0163ia 2<\/p>\n\n\n\n<p><strong>2014<\/strong> \u2013 Scriitorul \u015fi tema sa preferat\u0103<\/p>\n\n\n\n<p>\u00a0\u00a0\u00a0\u00a0\u00a0\u00a0\u00a0\u00a0\u00a0\u00a0\u00a0\u00a0   Concurs literar \u201eDe-a\u015f avea\u2026\u201d \u2013 edi\u0163ia 3<\/p>\n","protected":false},"excerpt":{"rendered":"<p>1990 \u2013 Familia la 125 de ani 1991 \u2013 Literatura m\u0103rturisirilor 1992 \u2013 La ce bun poezia \u00een vremuri de criz\u0103? 1993 \u2013 Confuzia valorilor 1994 \u2013 Radu Enescu sau cum g\u00e2nde\u015fte o \u201egenera\u0163ie recuperat\u0103\u201d \u00a0\u00a0\u00a0\u00a0\u00a0\u00a0\u00a0\u00a0\u00a0\u00a0\u00a0\u00a0 Obsedanta tranzi\u0163ie a prozatorului rom\u00e2n 1995 \u2013 Revistele literare: tradi\u0163ie, actualitate, tendin\u0163e 1996 \u2013\u00a0\u00a0Morfologia eseului 1997 \u2013 Jurnalul contra literaturii? 1998 \u2013 Criza romanului 1999 \u2013 Cenzura post-editorial\u0103 \u00een Rom\u00e2nia comunist\u0103 2000 \u2013 Eu, scriitorul 2001 \u2013 Revizuirea canonului estetic al literaturii rom\u00e2ne contemporane 2002 \u2013 Reabilitarea fic\u0163iunii 2003 \u2013 Provocarea literaturii 2004 \u2013 Romanul \u2013 performan\u0163e, circumstan\u0163e, perspective 2005 \u2013 Mimetismele literaturii rom\u00e2ne<\/p>\n","protected":false},"author":2,"featured_media":0,"parent":0,"menu_order":0,"comment_status":"closed","ping_status":"closed","template":"","meta":{"footnotes":""},"coauthors":[],"class_list":["post-148","page","type-page","status-publish","hentry"],"jetpack_sharing_enabled":true,"_links":{"self":[{"href":"https:\/\/revistafamilia.ro\/index.php?rest_route=\/wp\/v2\/pages\/148","targetHints":{"allow":["GET"]}}],"collection":[{"href":"https:\/\/revistafamilia.ro\/index.php?rest_route=\/wp\/v2\/pages"}],"about":[{"href":"https:\/\/revistafamilia.ro\/index.php?rest_route=\/wp\/v2\/types\/page"}],"author":[{"embeddable":true,"href":"https:\/\/revistafamilia.ro\/index.php?rest_route=\/wp\/v2\/users\/2"}],"replies":[{"embeddable":true,"href":"https:\/\/revistafamilia.ro\/index.php?rest_route=%2Fwp%2Fv2%2Fcomments&post=148"}],"version-history":[{"count":2,"href":"https:\/\/revistafamilia.ro\/index.php?rest_route=\/wp\/v2\/pages\/148\/revisions"}],"predecessor-version":[{"id":156,"href":"https:\/\/revistafamilia.ro\/index.php?rest_route=\/wp\/v2\/pages\/148\/revisions\/156"}],"wp:attachment":[{"href":"https:\/\/revistafamilia.ro\/index.php?rest_route=%2Fwp%2Fv2%2Fmedia&parent=148"}],"wp:term":[{"taxonomy":"author","embeddable":true,"href":"https:\/\/revistafamilia.ro\/index.php?rest_route=%2Fwp%2Fv2%2Fcoauthors&post=148"}],"curies":[{"name":"wp","href":"https:\/\/api.w.org\/{rel}","templated":true}]}}