{"id":142,"date":"2020-12-20T20:42:46","date_gmt":"2020-12-20T17:42:46","guid":{"rendered":"https:\/\/revistafamilia.ro\/?page_id=142"},"modified":"2021-02-21T17:40:01","modified_gmt":"2021-02-21T14:40:01","slug":"premiile-revistei-familia-din-1990-pina-azi","status":"publish","type":"page","link":"https:\/\/revistafamilia.ro\/?page_id=142","title":{"rendered":"Premiile revistei FAMILIA din 1990 p\u00een\u0103 azi"},"content":{"rendered":"\n<h1 class=\"has-text-align-center wp-block-heading\"><strong>Premiul Iosif Vulcan<\/strong><\/h1>\n\n\n\n<p class=\"has-text-align-center\">2015 &#8211; Ion Pop<\/p>\n\n\n\n<p class=\"has-text-align-center\">2016 \u2013 Ana Blandiana<\/p>\n\n\n\n<p class=\"has-text-align-center\">2017 \u2013 C\u0103lin Vlasie<\/p>\n\n\n\n<p class=\"has-text-align-center\">2018 \u2013 Mihai \u015eora<\/p>\n\n\n\n<h1 class=\"has-text-align-center wp-block-heading\"><strong>Premiul Ovidiu Cotru\u015f<\/strong><\/h1>\n\n\n\n<p class=\"has-text-align-center\">1990 \u2013 Gheorghe Grigurcu<\/p>\n\n\n\n<p class=\"has-text-align-center\">1991 \u2013 Ana Blandiana<\/p>\n\n\n\n<p class=\"has-text-align-center\">1992 \u2013 Ion Negoi\u0163escu<\/p>\n\n\n\n<p class=\"has-text-align-center\">1993 \u2013 Cornel Regman<\/p>\n\n\n\n<p class=\"has-text-align-center\">1994 \u2013 Ion Pop<\/p>\n\n\n\n<p class=\"has-text-align-center\">1995 \u2013 \u015etefan Aug. Doina\u015f<\/p>\n\n\n\n<p class=\"has-text-align-center\">1996 \u2013 Vasile Dem. Zamfirescu<\/p>\n\n\n\n<p class=\"has-text-align-center\">1997 \u2013 Nicolae Balot\u0103<\/p>\n\n\n\n<p class=\"has-text-align-center\">1998 \u2013 Monica Lovinescu<\/p>\n\n\n\n<p class=\"has-text-align-center\">1999 \u2013&nbsp;<em>Nu s-a acordat&nbsp;<\/em><\/p>\n\n\n\n<p class=\"has-text-align-center\">2000 \u2013 Nicolae Manolescu<\/p>\n\n\n\n<p class=\"has-text-align-center\">2001 \u2013 Cornel Ungureanu<\/p>\n\n\n\n<p class=\"has-text-align-center\">2002 \u2013 Norman Manea&nbsp;<\/p>\n\n\n\n<p class=\"has-text-align-center\">2008 \u2013 Ion Mure\u015fan<\/p>\n\n\n\n<p class=\"has-text-align-center\">2009 \u2013 Ileana M\u0103l\u0103ncioiu<\/p>\n\n\n\n<p class=\"has-text-align-center\">2015 &#8211; Radu Aldulescu<\/p>\n\n\n\n<p class=\"has-text-align-center\">2016 &#8211; Mircea Mih\u0103ie\u0219<\/p>\n\n\n\n<p class=\"has-text-align-center\">2017 \u2013 Radu \u0162uculescu<\/p>\n\n\n\n<p class=\"has-text-align-center\">2018 \u2013 Mircea Muthu<\/p>\n\n\n\n<h1 class=\"has-text-align-center wp-block-heading\"><strong>Premiul Octav Sulu\u0163iu<\/strong><\/h1>\n\n\n\n<p class=\"has-text-align-center\">1992 \u2013 Mircea Zaciu<\/p>\n\n\n\n<p class=\"has-text-align-center\">1993 \u2013 Paul Goma&nbsp;<\/p>\n\n\n\n<p class=\"has-text-align-center\">1994 \u2013 Alexandru Cistelecan<\/p>\n\n\n\n<p class=\"has-text-align-center\">1995 \u2013 Alexandru Mu\u015fina<\/p>\n\n\n\n<p class=\"has-text-align-center\">1996 \u2013 Mihai Cimpoi<\/p>\n\n\n\n<p class=\"has-text-align-center\">1997 \u2013 Mircea Horia Simionescu<\/p>\n\n\n\n<p class=\"has-text-align-center\">1998 \u2013 Gheorghe Cr\u0103ciun, Aurel Pantea<\/p>\n\n\n\n<p class=\"has-text-align-center\">1999 \u2013&nbsp;<em>Nu s-a acordat<\/em><\/p>\n\n\n\n<p class=\"has-text-align-center\">2000 \u2013 Vasile Dan<\/p>\n\n\n\n<p class=\"has-text-align-center\">2001 \u2013 Doina Curtic\u0103peanu&nbsp;<\/p>\n\n\n\n<p class=\"has-text-align-center\">2002 \u2013 Radu Mare\u015f<\/p>\n\n\n\n<p class=\"has-text-align-center\">2008 \u2013 Horia Ursu<\/p>\n\n\n\n<p class=\"has-text-align-center\">2009 \u2013 Gheorghe Grigurcu<\/p>\n\n\n\n<p class=\"has-text-align-center\">2015 &#8211; Al. Cistelecan<\/p>\n\n\n\n<p class=\"has-text-align-center\">2016 &#8211; Irina Petra\u0219, Cassian-Maria Spiridon &#8211; <em>ex aequo<\/em><\/p>\n\n\n\n<p class=\"has-text-align-center\">2017 \u2013 Adrian Alui Gheorghe<\/p>\n\n\n\n<p class=\"has-text-align-center\">2018 \u2013 Petru Cimpoe\u015fu<\/p>\n\n\n\n<h1 class=\"has-text-align-center wp-block-heading\"><strong>Premiul Radu Enescu<\/strong><\/h1>\n\n\n\n<p class=\"has-text-align-center\">1994 \u2013 Alexandru Vlad<\/p>\n\n\n\n<p class=\"has-text-align-center\">1995 \u2013 \u015etefan Borb\u00e9ly<\/p>\n\n\n\n<p class=\"has-text-align-center\">1996 \u2013 Adrian Popescu, Aurel Pantea<\/p>\n\n\n\n<p class=\"has-text-align-center\">1997 \u2013 Virgil Podoab\u0103<\/p>\n\n\n\n<p class=\"has-text-align-center\">1998 \u2013 Simona Popescu<\/p>\n\n\n\n<p class=\"has-text-align-center\">1999 \u2013&nbsp;<em>Nu s-a acordat<\/em><\/p>\n\n\n\n<p class=\"has-text-align-center\">2000 \u2013 Daniel Vighi<\/p>\n\n\n\n<p class=\"has-text-align-center\">2001 \u2013 Luca Pi\u0163u<\/p>\n\n\n\n<p class=\"has-text-align-center\">2002 \u2013 Radu \u0162uculescu, Ion Stratan&nbsp;<\/p>\n\n\n\n<p class=\"has-text-align-center\">2008 \u2013 Octavian Soviany<\/p>\n\n\n\n<p class=\"has-text-align-center\">2009 \u2013 Andrei Bodiu<\/p>\n\n\n\n<p class=\"has-text-align-center\">2015 &#8211; Andreea Pop<\/p>\n\n\n\n<p class=\"has-text-align-center\">2016 &#8211; Nicolae Prelipceanu<\/p>\n\n\n\n<p class=\"has-text-align-center\">2017 \u2013 Nicolae Coande<\/p>\n\n\n\n<p class=\"has-text-align-center\">2018 \u2013 Dumitru Chioaru<\/p>\n\n\n\n<h1 class=\"has-text-align-center wp-block-heading\"><strong>Premiul Alexandru Andri\u0163oiu<\/strong><\/h1>\n\n\n\n<p class=\"has-text-align-center\">2015 &#8211; Aurel Pantea, Viorel Mure\u0219an &#8211; <em>ex aequo<\/em><\/p>\n\n\n\n<p class=\"has-text-align-center\">2016 &#8211; Mircea Petean, Gellu Dorian &#8211; <em>ex aequo<\/em><\/p>\n\n\n\n<p class=\"has-text-align-center\">2017 \u2013 Romulus Bucur<\/p>\n\n\n\n<p class=\"has-text-align-center\">2018 \u2013 Marian Dr\u0103ghici<\/p>\n\n\n\n<h1 class=\"has-text-align-center wp-block-heading\"><strong>Premiul M. G.&nbsp;&nbsp;Samarineanu<\/strong><\/h1>\n\n\n\n<p class=\"has-text-align-center\">1990 \u2013 Liviu Papuc, Constantin M\u0103lina\u015f<\/p>\n\n\n\n<p class=\"has-text-align-center\">1991 \u2013 Nicolae Br\u00e2nda<\/p>\n\n\n\n<p class=\"has-text-align-center\">1992 \u2013 Liviu Borcea&nbsp;<\/p>\n\n\n\n<p class=\"has-text-align-center\">1993 \u2013 Blaga Mihoc, Titus Ro\u015fu<\/p>\n\n\n\n<p class=\"has-text-align-center\">1994 \u2013 Ioan \u0162epelea<\/p>\n\n\n\n<p class=\"has-text-align-center\">1995 \u2013 Autorilor&nbsp;&nbsp;\u201eIstoriei Ora\u015fului Oradea\u201d<\/p>\n\n\n\n<p class=\"has-text-align-center\">1996 \u2013 Aurel Chiriac, Barbu \u015etef\u0103nescu<\/p>\n\n\n\n<p class=\"has-text-align-center\">1997 \u2013&nbsp;&nbsp;Ioan Der\u015fidan \u015fi Florian Duda\u015f<\/p>\n\n\n\n<p class=\"has-text-align-center\">1998 \u2013 Liana Cozea, \u015etefan Zicher<\/p>\n\n\n\n<p class=\"has-text-align-center\">1999 \u2013&nbsp;<em>Nu s-acordat<\/em><\/p>\n\n\n\n<p class=\"has-text-align-center\">2000 \u2013 Mircea Ben\u0163ea<\/p>\n\n\n\n<p class=\"has-text-align-center\">2001 \u2013 Lucian Scurtu, Corneliu Cr\u0103ciun<\/p>\n\n\n\n<p class=\"has-text-align-center\">2002 \u2013 Mircea Morariu<\/p>\n\n\n\n<p class=\"has-text-align-center\">2008 \u2013 Elisabeta Pop<\/p>\n\n\n\n<p class=\"has-text-align-center\">2009 \u2013 Florin Ardelean<\/p>\n\n\n\n<p class=\"has-text-align-center\">2015 &#8211; Iuliana P\u0103curar<\/p>\n\n\n\n<p class=\"has-text-align-center\">2016 \u2013 Doina Cetea, Maria Hulber &#8211;<em> ex aequo<\/em><\/p>\n\n\n\n<p class=\"has-text-align-center\">2017 \u2013 Marius Mihe\u0163<\/p>\n\n\n\n<p class=\"has-text-align-center\">2018 \u2013 Ioan Aug. Pop &#8211; pictor<\/p>\n\n\n\n<h1 class=\"has-text-align-center wp-block-heading\"><strong>Premii de excelen\u021b\u0103<\/strong><\/h1>\n\n\n\n<p class=\"has-text-align-center\">2010 \u2013 Gheorghe GRIGURCU<\/p>\n\n\n\n<p class=\"has-text-align-center\">2011 \u2013 Mihai \u015eORA<\/p>\n\n\n\n<p class=\"has-text-align-center\">2012 \u2013 Ion POP<\/p>\n\n\n\n<p class=\"has-text-align-center\">2013 &#8211; nu s-a acordat<\/p>\n\n\n\n<p class=\"has-text-align-center\">2014 \u2013 Al. Cistelecan, Alexandru Vlad, Daniel Vighi<\/p>\n\n\n\n<h1 class=\"has-text-align-center wp-block-heading\"><strong>Premiul \u201eDe-a\u0219 avea\u2026\u201d<\/strong><\/h1>\n\n\n\n<p class=\"has-text-align-center\">2012 \u2013 \u015etefan BAGHIU<\/p>\n\n\n\n<p class=\"has-text-align-center\">2013 \u2013 Oana V\u0103sie\u0219<\/p>\n\n\n\n<p class=\"has-text-align-center\">2014 \u2013 Mih\u00f3k Tam\u00e1s<\/p>\n\n\n\n<p class=\"has-text-align-center\">2015 &#8211; Roxana Cotru\u0219<\/p>\n\n\n\n<p class=\"has-text-align-center\">2016 \u2013 Medeea Iancu, Robert G. Elekes &#8211; ex aequo<\/p>\n\n\n\n<p class=\"has-text-align-center\">2017 \u2013 Ioan \u015eerbu<\/p>\n\n\n\n<p class=\"has-text-align-center\">2018 \u2013 Ioana Vintil\u0103, Alex. Ciorogar \u2013<em> ex aequo<\/em><\/p>\n\n\n\n<h1 class=\"has-text-align-center wp-block-heading\"><strong>Premiul Special pentru Solidaritate \u015fi Memorie Cultural\u0103<\/strong><\/h1>\n\n\n\n<p class=\"has-text-align-center\">2016 \u2013 Bereny Maria&nbsp;<\/p>\n\n\n\n<p class=\"has-text-align-center\">2017 \u2013 Lucian-Vasile Szabo<\/p>\n\n\n\n<p class=\"has-text-align-center\">2018 \u2013 Dinu Fl\u0103m\u00e2nd<\/p>\n","protected":false},"excerpt":{"rendered":"<p>Premiul Iosif Vulcan 2015 &#8211; Ion Pop 2016 \u2013 Ana Blandiana 2017 \u2013 C\u0103lin Vlasie 2018 \u2013 Mihai \u015eora Premiul Ovidiu Cotru\u015f 1990 \u2013 Gheorghe Grigurcu 1991 \u2013 Ana Blandiana 1992 \u2013 Ion Negoi\u0163escu 1993 \u2013 Cornel Regman 1994 \u2013 Ion Pop 1995 \u2013 \u015etefan Aug. Doina\u015f 1996 \u2013 Vasile Dem. Zamfirescu 1997 \u2013 Nicolae Balot\u0103 1998 \u2013 Monica Lovinescu 1999 \u2013&nbsp;Nu s-a acordat&nbsp; 2000 \u2013 Nicolae Manolescu 2001 \u2013 Cornel Ungureanu 2002 \u2013 Norman Manea&nbsp; 2008 \u2013 Ion Mure\u015fan 2009 \u2013 Ileana M\u0103l\u0103ncioiu 2015 &#8211; Radu Aldulescu 2016 &#8211; Mircea Mih\u0103ie\u0219 2017 \u2013 Radu \u0162uculescu 2018 \u2013 Mircea Muthu<\/p>\n","protected":false},"author":2,"featured_media":0,"parent":0,"menu_order":0,"comment_status":"closed","ping_status":"closed","template":"","meta":{"footnotes":""},"coauthors":[],"class_list":["post-142","page","type-page","status-publish","hentry"],"jetpack_sharing_enabled":true,"_links":{"self":[{"href":"https:\/\/revistafamilia.ro\/index.php?rest_route=\/wp\/v2\/pages\/142","targetHints":{"allow":["GET"]}}],"collection":[{"href":"https:\/\/revistafamilia.ro\/index.php?rest_route=\/wp\/v2\/pages"}],"about":[{"href":"https:\/\/revistafamilia.ro\/index.php?rest_route=\/wp\/v2\/types\/page"}],"author":[{"embeddable":true,"href":"https:\/\/revistafamilia.ro\/index.php?rest_route=\/wp\/v2\/users\/2"}],"replies":[{"embeddable":true,"href":"https:\/\/revistafamilia.ro\/index.php?rest_route=%2Fwp%2Fv2%2Fcomments&post=142"}],"version-history":[{"count":8,"href":"https:\/\/revistafamilia.ro\/index.php?rest_route=\/wp\/v2\/pages\/142\/revisions"}],"predecessor-version":[{"id":180,"href":"https:\/\/revistafamilia.ro\/index.php?rest_route=\/wp\/v2\/pages\/142\/revisions\/180"}],"wp:attachment":[{"href":"https:\/\/revistafamilia.ro\/index.php?rest_route=%2Fwp%2Fv2%2Fmedia&parent=142"}],"wp:term":[{"taxonomy":"author","embeddable":true,"href":"https:\/\/revistafamilia.ro\/index.php?rest_route=%2Fwp%2Fv2%2Fcoauthors&post=142"}],"curies":[{"name":"wp","href":"https:\/\/api.w.org\/{rel}","templated":true}]}}