{"id":116,"date":"2020-11-12T11:41:17","date_gmt":"2020-11-12T08:41:17","guid":{"rendered":"https:\/\/revistafamilia.ro\/?page_id=116"},"modified":"2021-02-21T17:40:01","modified_gmt":"2021-02-21T14:40:01","slug":"carti-primite-la-redactie","status":"publish","type":"page","link":"https:\/\/revistafamilia.ro\/?page_id=116","title":{"rendered":"C\u0103r\u021bi primite la redac\u021bie"},"content":{"rendered":"\n<div class=\"wp-block-group\"><div class=\"wp-block-group__inner-container is-layout-flow wp-block-group-is-layout-flow\">\n<div class=\"wp-block-group\"><div class=\"wp-block-group__inner-container is-layout-flow wp-block-group-is-layout-flow\">\n<div class=\"wp-block-group\"><div class=\"wp-block-group__inner-container is-layout-flow wp-block-group-is-layout-flow\">\n<div class=\"wp-block-group\"><div class=\"wp-block-group__inner-container is-layout-flow wp-block-group-is-layout-flow\">\n<div class=\"wp-block-group\"><div class=\"wp-block-group__inner-container is-layout-flow wp-block-group-is-layout-flow\">\n<blockquote class=\"wp-block-quote has-text-align-left is-layout-flow wp-block-quote-is-layout-flow\"><p>Aproape zilnic primim la redac\u0163ie c\u0103r\u0163i trimise \u00een dar de autori sau de edituri. Bucuria de a le primi e umbrit\u0103 de imposibilitatea practic\u0103 de a le comenta, ori m\u0103car de a le consemna. Doar foarte pu\u0163ine sunt \u00een situa\u0163ia de a primi aten\u0163ia care li se cuvine. Public\u0103m aici lista lor (nici ea, vai!, complet\u0103), \u00eenso\u0163it\u0103 de mul\u0163umirile noastre pentru generozitatea celor ce ni le d\u0103ruiesc \u015fi de speran\u0163a c\u0103 fiecare dintre ele \u00ee\u015fi va afla destinul meritat.<br>             Cu gratitudine,<br>             Ioan Moldovan,<br>             director-manager al revistei FAMILIA<\/p><\/blockquote>\n<\/div><\/div>\n\n\n\n<div class=\"wp-block-group\"><div class=\"wp-block-group__inner-container is-layout-flow wp-block-group-is-layout-flow\">\n<p><\/p>\n<\/div><\/div>\n\n\n\n<p><\/p>\n<\/div><\/div>\n<\/div><\/div>\n\n\n\n<p><\/p>\n<\/div><\/div>\n\n\n\n<hr class=\"wp-block-separator\"\/>\n<\/div><\/div>\n\n\n\n<h1 class=\"has-text-align-center wp-block-heading\"><strong>2020<\/strong><\/h1>\n\n\n\n<p class=\"has-text-align-center\"><strong>Noiembrie<\/strong><\/p>\n\n\n\n<div class=\"wp-block-group\"><div class=\"wp-block-group__inner-container is-layout-flow wp-block-group-is-layout-flow\">\n<div class=\"wp-block-group\"><div class=\"wp-block-group__inner-container is-layout-flow wp-block-group-is-layout-flow\">\n<ul class=\"wp-block-list\"><li>Aurel Pantea,&nbsp;<em>Execu\u0163ii<\/em>, poeme, Prefa\u0163\u0103 de Gheorghe Grigurcu, Cartea rom\u00e2neasc\u0103,&nbsp;&nbsp;2020<\/li><li>Remus-Valeriu Giorgioni,&nbsp;<em>Scandal \u00een colonia de scribi<\/em>, poezii, Junimea, 2020<\/li><\/ul>\n<\/div><\/div>\n<\/div><\/div>\n\n\n\n<p class=\"has-text-align-center\"><strong>Octombrie<\/strong><\/p>\n\n\n\n<div class=\"wp-block-group\"><div class=\"wp-block-group__inner-container is-layout-flow wp-block-group-is-layout-flow\">\n<ul class=\"wp-block-list\"><li>Cassian Maria Spiridon,&nbsp;<em>Comunitatea global\u0103 a spectatorilor \u2013 atitudini literare XII \u2013&nbsp;<\/em>Tracus Arte, 2020<\/li><li>Cassian Maria Spiridon,&nbsp;<em>O sut\u0103 \u015fi una poezii<\/em>, Prefa\u0163\u0103 de Ioan Holban, Ed. Academiei Rom\u00e2ne, 2020<\/li><li>Hora\u0163iu Stamatin,&nbsp;<em>Inim\u0103 pe partea dreapt\u0103<\/em>, poezii, Integral, 2020<\/li><li>Hora\u0163iu Stamatin,&nbsp;<em>Niobe (articole, eseuri, studii)<\/em>, Pim, 2020<\/li><li>Carmen Foc\u015fa,&nbsp;<em>Colonia Ferici\u0163ilor<\/em>, eLiteratura. 2019<\/li><li>Ana Ardelean,&nbsp;<em>Realit\u0103\u0163i interzise<\/em>, poezii, Neuma, 2020<\/li><li>Ana Ardelean,&nbsp;<em>Rocile<\/em>, poezii, Rocart, 2020<\/li><li>Mihai Octavian Ioana,&nbsp;<em>Piersica roman\u0103<\/em>, poezii, Autograf MJM, 2020<\/li><li>Vasile Tudor,&nbsp;<em>acela\u015fi altcumva<\/em>, poezii, Rocart, 2020<\/li><li>Adrian Munteanu,&nbsp;<em>Paingul orb<\/em>, sonete, Arania 2020<\/li><li>Monica Rohan,&nbsp;<em>HaltaTerra<\/em>, poezii, Cartea rom\u00e2neasc\u0103 Educa\u0163ional, 2020<\/li><li>Florentin Sorescu,&nbsp;<em>Amaretto<\/em>, poezii, Brumar, 2020<\/li><li>Teodor Laurean,&nbsp;<em>La marginea Pustiei \u2013 sonetele CCI-CCC<\/em>, Rafaet, 2020<\/li><li>Idem,&nbsp;<em>Sinele \u015fi sinea lui<\/em>, poezii, Rafaet, 2019<\/li><\/ul>\n\n\n\n<p>\u25cf De la Editura Polirom:<\/p>\n\n\n\n<ul class=\"wp-block-list\"><li><em>Enciclopedia imaginariilor din Rom\u00e2nia<\/em>, I,&nbsp;<em>Imaginar literar<\/em>, volum coordonat de Corin Braga, Ed. Polirom, 2020<\/li><\/ul>\n\n\n\n<p class=\"has-text-align-center\"><strong>Septembrie<\/strong><\/p>\n\n\n\n<ul class=\"wp-block-list\"><li>Marta Petreu,&nbsp;<em>Domni \u015fi Doamne<\/em>, eseuri, Polirom, 2020<\/li><li>Dumitru Chioaru,&nbsp;<em>Respira\u0163ia subacvatic\u0103<\/em>, poeme, Junimea, 2020<\/li><li>Minerva Chira,&nbsp;<em>Polenul Rugurilor<\/em>, poezii, Casa C\u0103r\u0163ii de \u015etiin\u0163\u0103, 2020<\/li><li>Alexandra T\u00e2rziu,&nbsp;<em>Sandale verzi. \u00cent\u00e2mpl\u0103ri normale \u015fi paranormale<\/em>, Casa C\u0103r\u0163ii de \u015etiin\u0163\u0103, 2020<\/li><li>Miruna Mure\u015fanu,&nbsp;<em>Timpul nostalgiei. Poeme pentru M.<\/em>, Princeps Multimedia, 2020<\/li><li>Idem,&nbsp;<em>Psalmi f\u0103r\u0103 titlu<\/em>, poezii, Grinta, 2020<\/li><li><em>Galeria Euro Foto Art \u2013 FIAP Exhibition Center Oradea \u2013 Rom\u00e2nia<\/em>, album fotografic<\/li><li>George R\u00eeurel B\u0103lan,&nbsp;<em>Un optimist incurabil \u00een timpul pandemiei<\/em>, versuri, Confidential, 2020<\/li><li>Simona Mihu\u0163iu,&nbsp;<em>Destinul, o juc\u0103rie stricat\u0103,&nbsp;<\/em>roman, Total Publishing, 2020<\/li><li>Teodor Dume,&nbsp;<em>Dumnezeu t\u0103cut ca o lacrim\u0103,<\/em>&nbsp;poezii, Pim, 2020<\/li><li>Ana Pop S\u00eerbu,&nbsp;<em>C\u00e2nd amurgul devine albastru<\/em>, poezii, Vatra veche, 2020<\/li><li>Ioan M\u0103rginean,&nbsp;<em>Pathetica<\/em>, poezii, Tracus Arte, 2020<\/li><\/ul>\n\n\n\n<p>C\u0103r\u0163i primite de la Editura Limes:<\/p>\n\n\n\n<ul class=\"wp-block-list\"><li>Mioara Bahna,&nbsp;<em>Heraldice. \u00cen lumea<\/em>&nbsp;c\u0103r\u0163ilor lui Radu Ciobanu<\/li><li>Andrei Zanca,&nbsp;<em>Ada Kaleh. Spiritualitate \u015fi bezn\u0103<\/em><\/li><li>Ion Dur,&nbsp;<em>Publicistul Horia Stamatu. \u00centre exces politic \u015fi echilibru spiritual<\/em><\/li><li>Christian W. Schenk,&nbsp;<em>Poetica Sedecim<\/em>, poezii<\/li><li>Mircea Petean,&nbsp;<em>Poemele Anei\/ Annas Gedichte<\/em>&nbsp;\u2013 antologie \u015fi traducere de Herbert-Werner M\u00fchlroth; prefa\u0163\u0103 de Andrei Zanca<\/li><li>Mircea Petean \u2013 Gentiana Muihaxhiri,&nbsp;<em>Energia cuvintelor \u015fi alfabetul t\u0103cerii<\/em>\/&nbsp;<em>Energjia e fjal\u00ebve dhe alfabeti i heshtjesi, trad. \u00een albanez\u0103 de Baki Ymeri<\/em><\/li><li>Andrei Gazsi,&nbsp;<em>Liziera, poeme<\/em><\/li><li>Ioan Milea,&nbsp;<em>Blevilocviu<\/em><\/li><li>Ofelia Prodan,&nbsp;<em>\u00cent\u00eempl\u0103ri cu poetul d.d.marin \u015fi alte personaje controversate<\/em>, poezii<\/li><li>\u015etefan Vida Marinescu,&nbsp;<em>ochiul min\u0163ii,&nbsp;<\/em>poezii, Semne, 2020<\/li><\/ul>\n\n\n\n<p class=\"has-text-align-center\"><strong>August<\/strong><\/p>\n\n\n\n<ul class=\"wp-block-list\"><li>Lumini\u0163a Cojoac\u0103,&nbsp;<em>\u00cengerul \u015fi p\u0103pu\u015fa<\/em>, poezii, Metafora, 2020<\/li><li>Ovidiu Gligu,&nbsp;<em>animalul din vest<\/em>, poeme, Sf\u00e2ntul Ierarh Nicolae, 2020<\/li><li>Dafin Mure\u015feanu,&nbsp;<em>Norul<\/em>, Povestiri, RAO, 2018<\/li><li>Felician Pop, Adrian Lupescu,&nbsp;<em>Spovedaniile celor fereca\u0163i. Nemaipomenitele istorii ale unor eroi ai Transilvaniei legendare<\/em>, Limes, 2020<\/li><\/ul>\n<\/div><\/div>\n\n\n\n<p class=\"has-text-align-center\"><strong>Iunie-Iulie<\/strong><\/p>\n\n\n\n<div class=\"wp-block-group\"><div class=\"wp-block-group__inner-container is-layout-flow wp-block-group-is-layout-flow\">\n<ul class=\"wp-block-list\"><li>Ernst Christoph D\u00f6bel,&nbsp;<em>Pregrin\u0103rile lui E. Ch. D\u00f6bel printr-o parte a Europei \u00een anii 1830-1856<\/em>, Junimea, 2019<\/li><li>Luca Pi\u0163u \u2013 Vasile Spiridon,&nbsp;<em>Ceasul f\u0103r\u0103 rost<\/em>,&nbsp;<em>Fragmente don coresponden\u0163a antum\u0103 (2011-2015) + o sam\u0103 de notuliene ani\u015forene<\/em>, Junimea, 2019<\/li><li>Gheorghe Gh. Bostaca,&nbsp;<em>Iris, Antologie poetic\u0103<\/em>, Timpul, 2019<\/li><li>Idem,&nbsp;<em>Interferen\u0163e<\/em>, poezii, 24 ore, 2020<\/li><li>Ioan Hada,&nbsp;<em>Alte 33 de poeme<\/em>, Eurotip, 2020<\/li><li>Alexandru Dr\u0103g\u0103noaia,&nbsp;<em>Lac \u00een vacan\u0163\u0103<\/em>, proze, Libris Editorial, 2020<\/li><li>Friedrich Michael,&nbsp;<em>Ilumin\u0103rile \u00eentunecate<\/em>, poeme, prefa\u0163\u0103 de Emanuela Ilie, Cartea Rom\u00e2neasc\u0103 Educa\u0163ional, 2020<\/li><li>Andrei Brezianu,&nbsp;<em>Retragerea Aurelian\u0103<\/em>, roman, Casa C\u0103r\u0163ii de \u015etiin\u0163\u0103, 2020<\/li><li>Andrei Gazsi,&nbsp;<em>Liziera, poeme<\/em>&nbsp;\u2013 Limes, 2020<\/li><li>Alexandru Ovidiu Vintil\u0103,&nbsp;<em>Transparen\u0163a unui popor de foci<\/em>, poezii, Charmides, 2019<\/li><li>Octavian Doclin,&nbsp;<em>Privirea peste um\u0103r<\/em>, poeme, Prefa\u0163\u0103&nbsp;&nbsp;de Al. Cistelecan, Gordian, 2020<\/li><li>Cornel Udrea,&nbsp;<em>Obiceiuri de nunt\u0103 la cangurii \u015fchiopi<\/em>, proz\u0103 umoristic\u0103, edi\u0163ia a XV-a, Ecou Transilvan, 2019<\/li><li>Cornel Udrea&nbsp;&amp; Radu Cle\u0163iu,&nbsp;<em>Parc\u0103 ieri a fost viitorul (pamfletarium ilustrat)<\/em>, Waldpress, 2020<\/li><li>Cornel Udrea,&nbsp;<em>Te tu\u015fesc de nu te vezi! &#8211; sequoia de apartament<\/em>, proza umoristic\u0103, Napoca Star, 2020<\/li><li>Adrian Alui Gheorghe,&nbsp;<em>Supravie\u0163uitor \u00een&nbsp;<\/em>Rom\u00e2nia lor, Studiu de caz, Conta, 2019<\/li><li>Mark\u00f3 B\u00e9la,&nbsp;<em>Iart\u0103-ne, Ginsberg<\/em>, poeme, traducere din maghiar\u0103 de Kocsis Francisko, Curtea Veche, 2020<\/li><li>Carmen Mihalache,&nbsp;<em>Hublou<\/em>, (<em>priviri, impresii, nuan\u0163e<\/em>), Babel, 2019<\/li><li>Radu Ulmeanu,&nbsp;<em>Ab Urbe Condita<\/em>, poeme, Grinta, 2020<\/li><li>Alexandru Sf\u00e2rlea,&nbsp;<em>Obiecte \u015fi voci<\/em>, poezii, \u015ecoala Ardelean\u0103, 2020<\/li><li>Delia Muntean,&nbsp;<em>C\u0103l\u0103torind prin vremi cu Olga Tokarczuk\/ Wandering through times with Olga Tokarczuk<\/em>, eseu, traducere \u00een limba englez\u0103 de Zorin Diaconescu, Mega, 2020<\/li><li>Stej\u0103rel Ionescu,&nbsp;<em>numele meu e, \u2026<\/em>, poezii, M\u0103iastra, 2017<\/li><li>Idem,&nbsp;<em>\u00centoarcerea la origini<\/em>,&nbsp;<\/li><li>Liviu Antonesei,&nbsp;<em>Ajung\u0103 mor\u0163ii m\u0103re\u0163ia ei<\/em>, poeme, Junimea, 2020<\/li><li>Dan Stanca,&nbsp;<em>Pahartrup<\/em>, poezii, Cuv\u00e2nt \u00eenso\u0163itor de Ioan Holban, Junimea, 2020<\/li><li>Ildiko \u015eerban,&nbsp;<em>Sarea din pust\u0103<\/em>, poezii, Junimea, 2020<\/li><li>Vasile Moldovan,&nbsp;<em>\u00centre cer \u015fi p\u0103m\u00e2nt<\/em>\/&nbsp;<em>Between sky and earth<\/em>, poeme tanka, versiunea \u00een limba englez\u0103 Magdalena Dale, Ed. Societ\u0103\u0163ii Scriitorilor Rom\u00e2ni, 2019<\/li><li>Lucia Bibar\u0163,&nbsp;<em>Dup\u0103 ce-am mu\u015fcat din m\u0103r<\/em>, poezii, Napoca Star, 2020<\/li><li><em>\u00cen jocul timpului<\/em>\/&nbsp;<em>Il gioco del tempo<\/em>&nbsp;\u2013 antologie rom\u00e2no-italian\u0103, Concordia, 2020<\/li><li>Ion Popescu-Br\u0103diceni,&nbsp;<em>Rob la poezie<\/em>&nbsp;\u2013&nbsp;<em>Spiritul Crea\u0163iei<\/em>, Pim, 2020<\/li><li>Timur Chi\u015f,&nbsp;<em>Via\u0163a la 55 de ani<\/em>, Liric Graph, 2020<\/li><li>Vasile Igna,&nbsp;<em>Cartea din vis, Antologie de autor 1969-2019<\/em>, \u015ecoala Ardelean\u0103, 2020<\/li><li>Cornel Cotu\u0163iu,&nbsp;<em>Pompa de iluzii vol.2<\/em>, \u015ecoala Ardelean\u0103, 2020<\/li><li>Mihaela Meravei,&nbsp;<em>Colivia de sticl\u0103<\/em>, poezii, Ex Ponto, 2020<\/li><li>Idem,&nbsp;<em>Prezum\u0163ia de fericire \u2013 Saadet-i-ebediye<\/em>, poezii traduse \u00een limba t\u0103tar\u0103 de prof. G\u00fcner Akmolla<\/li><li>Victor Nichifor,&nbsp;<em>Cine l-a prins pe Dumnezeu de picior<\/em>?, roman, Tracus Arte, 2020<\/li><\/ul>\n\n\n\n<p class=\"has-text-align-center\"><strong>Mai<\/strong><\/p>\n\n\n\n<ul class=\"wp-block-list\"><li>Vasile Dan,&nbsp;<em>Ca la carte. Exerci\u0163ii de empatie<\/em>, cronici literare, \u015ecoala Ardelean\u0103, 2020<\/li><li>Dan Cristea,&nbsp;<em>Alte cronici de la Snagov<\/em>, cronici literare, Tracus Arte, 2019<\/li><li>Lorena Stuparu,&nbsp;<em>Unde este trecut numele<\/em>, poezii, Evdokimos, 2018<\/li><li>Idem,&nbsp;<em>Cite\u015fte-mi dac\u0103 se las\u0103 \u00eentunericul<\/em>, poezii, Evdokimos, 2019<\/li><li>Teodor S\u0103r\u0103cu\u0163-Com\u0103nescu,&nbsp;<em>Restituiri. Povestiri<\/em>&nbsp;, Caiete Silvane, 2019<\/li><li>Idem,&nbsp;<em>Augustin Buzura. Bio(biblio)grafii contemporane. (Perioada 1960-1980)<\/em>, Caiete Silvane, 2020<\/li><li>Giuseppe Masavo,&nbsp;<em>U\u015for l<\/em><em>\u2019Or\u00e9al<\/em>, poezii, Limes, 2020<strong><\/strong><\/li><li>Nicolae Silade,&nbsp;<em>calea victoriei<\/em>, poeme&nbsp;\u00een proz\u0103, Cartea Rom\u00e2neasc\u0103 Educa\u0163ional, 2019<\/li><li>Constandin Butoi,&nbsp;<em>Umbra r\u0103nilor (poeme postume)<\/em>, Cuv\u00e2nt-\u00eenainte de Matei Vi\u015fniec, Tracus Arte, 2020<\/li><\/ul>\n\n\n\n<p class=\"has-text-align-center\"><strong>Aprilie<\/strong><\/p>\n\n\n\n<ul class=\"wp-block-list\"><li>Teodor Dume,&nbsp;<em>Moartea din vis<\/em><strong>,&nbsp;<\/strong>poezii,<strong>&nbsp;<\/strong>PIM, Ia\u015fi, 2020<\/li><\/ul>\n\n\n\n<p class=\"has-text-align-center\"><strong>Martie<\/strong><\/p>\n\n\n\n<ul class=\"wp-block-list\"><li>Nicolae Teoharie,&nbsp;<em>o zi pe care am locuit-o c\u00e2ndva<\/em>, poezii, Tracus Arte, 2020<\/li><li>Mircea B\u0103du\u0163,&nbsp;<em>Fic\u0163iuni secunde<\/em>, proze, edi\u0163ia a II-a revizuit\u0103, EuroPress, 2020<\/li><\/ul>\n\n\n\n<p class=\"has-text-align-center\"><strong>Februarie<\/strong><\/p>\n\n\n\n<ul class=\"wp-block-list\"><li>Dan Dr\u0103goi,&nbsp;<em>Acas\u0103 aproape de cer<\/em>, poezii, Ecou Transilvan, 2019<\/li><li>Nicolae Coande,&nbsp;<em>Mansarda Europa<\/em>&nbsp;(Din casa \u201eHeinrich B\u00f6ll\u201d \u00een camera \u201eAlbert Camus\u201d), jurnal, Paralela 45, 2019<\/li><li><em>Caietele Echinox vol. 37- Imaginaires de l\u2019alt\u00e9rit\u00e9&nbsp;&nbsp;II.Approches litt\u00e9raires et artistique<\/em><\/li><li>Lu Tai,&nbsp;<em>Ikihai<\/em>, haiku, Limes, 2019<\/li><li>Nicolae Panaite,&nbsp;<em>Ziua verde<\/em>, poezii, Junimea, 2018<\/li><li>S\u0103luc Horvat,&nbsp;<em>Interviuri<\/em>, Actaeon Books, 2020<\/li><li>Gheorghe Mihai B\u00e2rlea,&nbsp;<em>Sigilii de sare<\/em>, poezii, Limes, 2019<\/li><\/ul>\n\n\n\n<p class=\"has-text-align-center\"><strong>Ianuarie&nbsp;&nbsp;&nbsp;<\/strong><\/p>\n\n\n\n<div class=\"wp-block-group\"><div class=\"wp-block-group__inner-container is-layout-flow wp-block-group-is-layout-flow\">\n<ul class=\"wp-block-list\"><li>Radu \u015eerban<strong>,&nbsp;<\/strong><em>Creden\u0163ional 1918 \u2013 Triumf \u015fi resemnare<\/em>, Vatra veche, 2019<\/li><li>Otto Havran,&nbsp;<em>Noiembrie cu plug<\/em>, poezii,&nbsp;&nbsp;Colorama, 2019<\/li><li>Daniela Sorian,&nbsp;<em>Eram tu<\/em>, poezii, Colorama, 2019<\/li><li>Marian Danci,&nbsp;<em>\u00cemb\u00e2nzitorul de cerbi<\/em>, roman, Colorama, 2019<\/li><li>Idem,&nbsp;<em>Caietul cu proz\u0103<\/em>, Colorama, 2019<\/li><li>Idem,&nbsp;<em>Casa de piatr\u0103<\/em>, roman, Colorama, 2019<\/li><li>Camelia Buzatu,&nbsp;<em>Optzeci de sentimente sub inim\u0103<\/em>, Colorama, 2019<\/li><li><em>F\u00e2nt\u00e2ni<\/em>, Antologie de proz\u0103, vol. 3, Colorama, 2019<\/li><li>Liviu Cangeopol,&nbsp;<em>Trilogia trecerii<\/em>, poezii, Brumar, 2019<\/li><li>Adrian Lupescu,&nbsp;<em>Aici \u00eencepe altceva,&nbsp;<\/em>poezii, Ecou Transilvan, 2020<\/li><li>Mircea Pora,&nbsp;<em>Noua aristocra\u0163ie<\/em>, proze scurte, Eikon, 2018<\/li><li>Idem,&nbsp;<em>Ce mai face\u0163i, Maestre<\/em>, proze scurte, Eikon, 2019<\/li><li>Idem,&nbsp;<em>Bidonul<\/em>, proze scurte, prefa\u0163\u0103 de Bedros Horasangian, Eikon, 2015<\/li><li>Ioan Romeo Ro\u015fianu,&nbsp;<em>Litere din Maramure\u015f<\/em>, recenzii, Ethnologica, 2019<\/li><li>Constantin Arcu,&nbsp;<em>File de alt\u0103dat\u0103<\/em>, antologie de proz\u0103, Eikon, 2019<\/li><li>Radu Vaida,&nbsp;<em>Iubirile vikingilor<\/em>, roman, Napoca Star, 2018<\/li><li>Vasile Popovici,&nbsp;<em>Six microlectures<\/em>, Ed. Universit\u0103\u0163ii de Vest, Timi\u015foara, 2017<\/li><\/ul>\n\n\n\n<hr class=\"wp-block-separator is-style-wide\"\/>\n\n\n\n<h1 class=\"has-text-align-center wp-block-heading\"><strong>2019<\/strong><\/h1>\n\n\n\n<p class=\"has-text-align-center\"><strong>Decembrie<\/strong><\/p>\n\n\n\n<ul class=\"wp-block-list\"><li>Bogdan Ghiu,&nbsp;<em>Cu Orice e posibil<\/em>, poezie, Nemira, 2019<\/li><li>Marcel Mure\u015feanu,&nbsp;<em>O sut\u0103 \u015fi una de poezii<\/em>, Ed. Academiei Rom\u00e2ne, 2019<\/li><li>Mihai M\u0103nu\u0163iu,&nbsp;<em>Filip \u015fi \u00eentunericul<\/em>, Tracus Arte, 2019<\/li><li>Kocsis Francisko,&nbsp;<em>ceea ce nu se am\u00e2n\u0103 \u2013 reflec\u0163ii, \u00eensemn\u0103ri, resemn\u0103ri<\/em>, Ardealul, 2019<\/li><li>Idem,&nbsp;<em>ter\u0163ine \u015fi alte disimul\u0103ri<\/em>, Ardealul, 2019<\/li><li>Ara Alexandru \u015ei\u015fmanian,&nbsp;<em>Menuetul menestrelului morbid<\/em>, poezie, Repro Rapid, 2019<\/li><li>Rodica Braga,&nbsp;<em>Zgomotul lini\u015ftii<\/em>, poezie, Imago, 2019<\/li><li>Gheorghe Mihai B\u00e2rlea,&nbsp;<em>Sigilii de sare<\/em>, poezie, Limes, 2019<\/li><li>Ovidiu Pecican,&nbsp;<em>Elefan\u0163ii pe linia de tramvai<\/em>, poeme, Limes, 2019<\/li><li>Herbert-Werner M\u00fchlroth,&nbsp;<em>At\u00e2t de mult<\/em>, poezii, trad. Andrei Zanca, Limes, 2019<\/li><li>Alexander Freiberg,&nbsp;<em>La mintea coco\u015fului<\/em>, reflec\u0163ii, Limes, 2019<\/li><li>Giuseppe Masavo,&nbsp;<em>Septembrie<\/em>, poezie, Limes, 2019<\/li><li><em>ReStart<\/em>, Antologie de literatur\u0103 t\u00e2n\u0103r\u0103, Mirador, 2019<\/li><li>Moshe B. Itzhaki,&nbsp;<em>\u015fi vine ploaia<\/em>, poezii, traducere din ebraic\u0103 de Paul Farka\u015f, \u015ecoala Ardelean\u0103, 2019<\/li><li>Nicolae Sandu,&nbsp;<em>Ermeticul dor<\/em>, poeme, Ateneul Scriitorilor, 2019<\/li><li>Liliana Elena Mu\u015ftiuc,&nbsp;<em>Amintiri \u015fi scrum\/ Memories and ashes<\/em>, poezii, trad. de Liliana Moga, prefa\u0163\u0103 de Livia Iacob<\/li><li>Andrei Zanca,&nbsp;<em>Pasaj<\/em>, poeme, Limes, 2019<\/li><li>Daniel Pi\u015fcu,&nbsp;<em>Haide-memorie!<\/em>, poezii, Casa de pariuri literare, 2019<\/li><li>Alex Cistelecan&nbsp;&amp; Alex Ciorogar (coord.),&nbsp;<em>Ce mai&nbsp;<\/em><em>r\u0103m\u00e2ne din Mai 68?<\/em>, frACTalia, 2019<\/li><li>\u015eerban Chelariu,&nbsp;<em>Respir<\/em>, poeme, Tracus Arte, 2019<\/li><li>Flavius Maxim,&nbsp;<em>Ultimele poezii comuniste<\/em>, SemnE, 2019<\/li><li>Elena Moisei,&nbsp;<em>Paharul din spatele tejghelei<\/em>, proza, Cenaclul de la P\u0103ltini\u015f, 2019<\/li><li>Teodor S\u0103r\u0103cu\u0163-Com\u0103nescu,&nbsp;<em>Restituiri<\/em>, povestiri, Caiete Silvane, 2019<\/li><li>Daniel Ilea,&nbsp;<em>Bondarul \u015fi Orhideele\/Spiritul&nbsp;<\/em>ce totul leag\u0103, adapt\u0103ri dramatice, TracusArte, 2029<\/li><li>Cristian George Brebenel,&nbsp;<em>M\u0103rturisirea \u015fi alte povestiri<\/em>, Junimea, 2019<\/li><\/ul>\n<\/div><\/div>\n<\/div><\/div>\n\n\n\n<p class=\"has-text-align-center\"><strong>Noiembrie<\/strong><\/p>\n\n\n\n<div class=\"wp-block-group\"><div class=\"wp-block-group__inner-container is-layout-flow wp-block-group-is-layout-flow\">\n<ul class=\"wp-block-list\"><li>Halmosi<strong>&nbsp;<\/strong>S\u00e1ndor,&nbsp;<em>Raiul ca toate zilele<\/em>, poezii, Junimea, 2019<\/li><li>Ion Pop,&nbsp;<em>Lista de a\u015fteptare<\/em>, poeme, Limes, 2019<\/li><li>Iustinian Gr. Zegreanu,&nbsp;<em>Mic tratat de deflorare\u2026intelectual\u0103.<\/em>&nbsp;<em>Compendiu de zegrenisme II<\/em>, Ecou transilvan, 2019<\/li><li>Biblioteca revistei CONVORBIRI LITERARE<em>, Antologie 2018<\/em>, poe\u0163i ap\u0103ru\u0163i \u00een pliantul lunar al revistei<\/li><li>Mircea Pric\u0103jan,&nbsp;<em>Perseidele<\/em>, proz\u0103 scurt\u0103,&nbsp;&nbsp;Charmides, 2019<\/li><li>Grigore Chiper,&nbsp;<em>Fa\u0163a poeziei \u015fi m\u0103\u015ftile poe\u0163ilor,&nbsp;<\/em>Arc, 2019<\/li><li>Vasile Igna,&nbsp;<em>Periscop<\/em>, poeme, Cartea rom\u00e2neasc\u0103, 2019<\/li><\/ul>\n\n\n\n<p class=\"has-text-align-center\"><strong>Octombrie<\/strong><\/p>\n\n\n\n<ul class=\"wp-block-list\"><li>Petru Covaci,&nbsp;<em>Nisipul \u015fi pletele muzei<\/em>, Junimea, 2019<\/li><li>Ioan Milea,&nbsp;<em>Fulgura\u0163ii<\/em>, VII, Limes, 2019<\/li><li>Max Picard,&nbsp;<em>Atomizarea<\/em>, Limes, 2019, trad. de Ioan Milea<\/li><li>Max Picard,&nbsp;<em>Lumea t\u0103cerii<\/em>, Limes, 2019, trad. de Ioan Milea<\/li><li>Reiner Kunze,&nbsp;<em>Un ceas cu tine \u00eensu\u0163i<\/em>,poeme, Limes,trad. de Ioan Milea<\/li><li>Andrei Gaysi,&nbsp;<em>C\u00e2te o carte po\u015ftal\u0103 pe lun\u0103<\/em>, poezii, Limes, 2019&nbsp;<\/li><li>Nicolae Iuga,&nbsp;<em>Maramure\u015ful \u015fi Rusia Subcarpatic\u0103<\/em>, Limes, 2019<\/li><li>Augustin Cozmu\u0163a \u2013 75,&nbsp;<em>C\u0103l\u0103torie spre constela\u0163ia Scorpionului<\/em>, Ethnologic\u0103, 2019<\/li><li>Vasile Leschian,&nbsp;<em>Palimsestul \u00een literatura rom\u00e2n\u0103<\/em>, Limes, 2019<\/li><li>Radu-Alin Balaj,&nbsp;<em>Lic\u0103riri\u2026Efemeride<\/em>, eseuri, Coresi, 2018<\/li><li>Idem,&nbsp;<em>Voal emo\u0163ional, versuri<\/em>, Coresi, 2018<\/li><\/ul>\n<\/div><\/div>\n","protected":false},"excerpt":{"rendered":"<p>Aproape zilnic primim la redac\u0163ie c\u0103r\u0163i trimise \u00een dar de autori sau de edituri. Bucuria de a le primi e umbrit\u0103 de imposibilitatea practic\u0103 de a le comenta, ori m\u0103car de a le consemna. Doar foarte pu\u0163ine sunt \u00een situa\u0163ia de a primi aten\u0163ia care li se cuvine. Public\u0103m aici lista lor (nici ea, vai!, complet\u0103), \u00eenso\u0163it\u0103 de mul\u0163umirile noastre pentru generozitatea celor ce ni le d\u0103ruiesc \u015fi de speran\u0163a c\u0103 fiecare dintre ele \u00ee\u015fi va afla destinul meritat. Cu gratitudine, Ioan Moldovan, director-manager al revistei FAMILIA 2020 Noiembrie Aurel Pantea,&nbsp;Execu\u0163ii, poeme, Prefa\u0163\u0103 de Gheorghe Grigurcu, Cartea rom\u00e2neasc\u0103,&nbsp;&nbsp;2020 Remus-Valeriu Giorgioni,&nbsp;Scandal<\/p>\n","protected":false},"author":2,"featured_media":0,"parent":0,"menu_order":0,"comment_status":"closed","ping_status":"closed","template":"","meta":{"footnotes":""},"coauthors":[],"class_list":["post-116","page","type-page","status-publish","hentry"],"jetpack_sharing_enabled":true,"_links":{"self":[{"href":"https:\/\/revistafamilia.ro\/index.php?rest_route=\/wp\/v2\/pages\/116","targetHints":{"allow":["GET"]}}],"collection":[{"href":"https:\/\/revistafamilia.ro\/index.php?rest_route=\/wp\/v2\/pages"}],"about":[{"href":"https:\/\/revistafamilia.ro\/index.php?rest_route=\/wp\/v2\/types\/page"}],"author":[{"embeddable":true,"href":"https:\/\/revistafamilia.ro\/index.php?rest_route=\/wp\/v2\/users\/2"}],"replies":[{"embeddable":true,"href":"https:\/\/revistafamilia.ro\/index.php?rest_route=%2Fwp%2Fv2%2Fcomments&post=116"}],"version-history":[{"count":13,"href":"https:\/\/revistafamilia.ro\/index.php?rest_route=\/wp\/v2\/pages\/116\/revisions"}],"predecessor-version":[{"id":131,"href":"https:\/\/revistafamilia.ro\/index.php?rest_route=\/wp\/v2\/pages\/116\/revisions\/131"}],"wp:attachment":[{"href":"https:\/\/revistafamilia.ro\/index.php?rest_route=%2Fwp%2Fv2%2Fmedia&parent=116"}],"wp:term":[{"taxonomy":"author","embeddable":true,"href":"https:\/\/revistafamilia.ro\/index.php?rest_route=%2Fwp%2Fv2%2Fcoauthors&post=116"}],"curies":[{"name":"wp","href":"https:\/\/api.w.org\/{rel}","templated":true}]}}